{"id":1043,"date":"2025-10-21T14:13:19","date_gmt":"2025-10-21T14:13:19","guid":{"rendered":"https:\/\/alturarealty.org\/?page_id=1043"},"modified":"2025-10-21T15:12:26","modified_gmt":"2025-10-21T15:12:26","slug":"cookie-policy","status":"publish","type":"page","link":"https:\/\/alturarealty.org\/en\/cookie-policy\/","title":{"rendered":"Cookie Policy"},"content":{"rendered":"<div data-elementor-type=\"wp-page\" data-elementor-id=\"1043\" class=\"elementor elementor-1043\" data-elementor-post-type=\"page\">\n\t\t\t\t<div class=\"elementor-element elementor-element-c2cf092 e-flex e-con-boxed e-con e-parent\" data-id=\"c2cf092\" data-element_type=\"container\" data-e-type=\"container\">\n\t\t\t\t\t<div class=\"e-con-inner\">\n\t\t\t\t<div class=\"elementor-element elementor-element-66cc063 elementor-widget-divider--view-line elementor-widget elementor-widget-divider\" data-id=\"66cc063\" data-element_type=\"widget\" data-e-type=\"widget\" data-widget_type=\"divider.default\">\n\t\t\t\t\t\t\t<div class=\"elementor-divider\">\n\t\t\t<span class=\"elementor-divider-separator\">\n\t\t\t\t\t\t<\/span>\n\t\t<\/div>\n\t\t\t\t\t\t<\/div>\n\t\t\t\t<div class=\"elementor-element elementor-element-ee851bd elementor-widget elementor-widget-heading\" data-id=\"ee851bd\" data-element_type=\"widget\" data-e-type=\"widget\" data-widget_type=\"heading.default\">\n\t\t\t\t\t<h2 class=\"elementor-heading-title elementor-size-default\">Cookie Policy<\/h2>\t\t\t\t<\/div>\n\t\t\t\t<div class=\"elementor-element elementor-element-31069f8 elementor-widget elementor-widget-text-editor\" data-id=\"31069f8\" data-element_type=\"widget\" data-e-type=\"widget\" data-widget_type=\"text-editor.default\">\n\t\t\t\t\t\t\t\t\t<p><strong>Last updated:<\/strong> 01\/11\/2025<\/p><p>The website alturarealty.org uses cookies and similar technologies to improve navigation and analyze traffic.<\/p><p><strong>1. What cookies are<\/strong><\/p><p>Cookies are small text files stored on your device to enhance your browsing experience.<\/p><p><strong>2. Types of cookies<\/strong><\/p><ul><li>Essential cookies: required for the site to function properly.<\/li><li>Analytics cookies: used by Google Analytics.<\/li><li>Marketing cookies: installed by Facebook Pixel.<\/li><li>Third-party cookies: from WASI and Mailchimp integrations.<\/li><\/ul><p><strong>3. Consent<\/strong><\/p><p>Upon visiting, users can accept or reject non-essential cookies via the cookie banner.<\/p><p><strong>4. Managing cookies<\/strong><\/p><p>You can change cookie preferences anytime:<\/p><ul><li>Using the banner;<\/li><li>Or in your browser settings (Chrome, Safari, Firefox, Edge).<\/li><\/ul><p><strong>5. Third-party policies<\/strong><\/p><p>Refer to:<\/p><ul><li>Google Analytics: <a href=\"https:\/\/policies.google.com\/privacy\" target=\"_blank\" rel=\"noopener\">https:\/\/policies.google.com\/privacy<\/a><\/li><li>Facebook: <a href=\"https:\/\/www.facebook.com\/policy.php\" target=\"_blank\" rel=\"noopener\">https:\/\/www.facebook.com\/policy.php<\/a><\/li><li>Mailchimp: <a href=\"https:\/\/mailchimp.com\/legal\/privacy\/\" target=\"_blank\" rel=\"noopener\">https:\/\/mailchimp.com\/legal\/privacy\/<\/a><\/li><li>WASI: <a href=\"https:\/\/wasi.co\/politicas-de-privacidad\/\" target=\"_blank\" rel=\"noopener\">https:\/\/wasi.co\/politicas-de-privacidad\/<\/a><\/li><\/ul><p><strong>6. Updates<\/strong><\/p><p>Altura Realty may update this Cookie Policy at any time. Updates will be posted with a new effective date.<\/p><p><strong>7. Contact<\/strong><\/p><p>For more information on cookies or data handling, use the Contact page form. <a href=\"https:\/\/alturarealty.org\/en\/contactos\/\">Contact<\/a>.<\/p>\t\t\t\t\t\t\t\t<\/div>\n\t\t\t\t\t<\/div>\n\t\t\t\t<\/div>\n\t\t\t\t<\/div>","protected":false},"excerpt":{"rendered":"<p>Cookie Policy \u00daltima actualizaci\u00f3n: 01\/11\/2025 El sitio alturarealty.org utiliza cookies y tecnolog\u00edas similares para mejorar la experiencia del usuario y analizar el tr\u00e1fico. 1. Qu\u00e9 son las cookies Los cookies son peque\u00f1os archivos que se almacenan en el dispositivo del usuario para recordar informaci\u00f3n sobre su navegaci\u00f3n. 2. Tipos de cookies Cookies t\u00e9cnicas: necesarias para [&hellip;]<\/p>\n","protected":false},"author":1,"featured_media":0,"parent":0,"menu_order":0,"comment_status":"closed","ping_status":"closed","template":"","meta":{"_monsterinsights_skip_tracking":false,"_monsterinsights_sitenote_active":false,"_monsterinsights_sitenote_note":"","_monsterinsights_sitenote_category":0,"footnotes":""},"class_list":["post-1043","page","type-page","status-publish","hentry"],"aioseo_notices":[],"_links":{"self":[{"href":"https:\/\/alturarealty.org\/en\/wp-json\/wp\/v2\/pages\/1043","targetHints":{"allow":["GET"]}}],"collection":[{"href":"https:\/\/alturarealty.org\/en\/wp-json\/wp\/v2\/pages"}],"about":[{"href":"https:\/\/alturarealty.org\/en\/wp-json\/wp\/v2\/types\/page"}],"author":[{"embeddable":true,"href":"https:\/\/alturarealty.org\/en\/wp-json\/wp\/v2\/users\/1"}],"replies":[{"embeddable":true,"href":"https:\/\/alturarealty.org\/en\/wp-json\/wp\/v2\/comments?post=1043"}],"version-history":[{"count":13,"href":"https:\/\/alturarealty.org\/en\/wp-json\/wp\/v2\/pages\/1043\/revisions"}],"predecessor-version":[{"id":1070,"href":"https:\/\/alturarealty.org\/en\/wp-json\/wp\/v2\/pages\/1043\/revisions\/1070"}],"wp:attachment":[{"href":"https:\/\/alturarealty.org\/en\/wp-json\/wp\/v2\/media?parent=1043"}],"curies":[{"name":"wp","href":"https:\/\/api.w.org\/{rel}","templated":true}]}}