{"id":1048,"date":"2025-10-21T14:20:24","date_gmt":"2025-10-21T14:20:24","guid":{"rendered":"https:\/\/alturarealty.org\/?page_id=1048"},"modified":"2025-10-21T14:24:50","modified_gmt":"2025-10-21T14:24:50","slug":"terminos-y-condiciones-de-uso","status":"publish","type":"page","link":"https:\/\/alturarealty.org\/en\/terminos-y-condiciones-de-uso\/","title":{"rendered":"T\u00e9rminos y Condiciones de uso"},"content":{"rendered":"<div data-elementor-type=\"wp-page\" data-elementor-id=\"1048\" class=\"elementor elementor-1048\" data-elementor-post-type=\"page\">\n\t\t\t\t<div class=\"elementor-element elementor-element-1e0d5f0 e-flex e-con-boxed e-con e-parent\" data-id=\"1e0d5f0\" data-element_type=\"container\" data-e-type=\"container\">\n\t\t\t\t\t<div class=\"e-con-inner\">\n\t\t\t\t<div class=\"elementor-element elementor-element-08de5dc elementor-widget-divider--view-line elementor-widget elementor-widget-divider\" data-id=\"08de5dc\" data-element_type=\"widget\" data-e-type=\"widget\" data-widget_type=\"divider.default\">\n\t\t\t\t\t\t\t<div class=\"elementor-divider\">\n\t\t\t<span class=\"elementor-divider-separator\">\n\t\t\t\t\t\t<\/span>\n\t\t<\/div>\n\t\t\t\t\t\t<\/div>\n\t\t\t\t<div class=\"elementor-element elementor-element-5db13e7 elementor-widget elementor-widget-heading\" data-id=\"5db13e7\" data-element_type=\"widget\" data-e-type=\"widget\" data-widget_type=\"heading.default\">\n\t\t\t\t\t<h2 class=\"elementor-heading-title elementor-size-default\">Terms and Conditions of Use<\/h2>\t\t\t\t<\/div>\n\t\t\t\t<div class=\"elementor-element elementor-element-80e2d21 elementor-widget elementor-widget-text-editor\" data-id=\"80e2d21\" data-element_type=\"widget\" data-e-type=\"widget\" data-widget_type=\"text-editor.default\">\n\t\t\t\t\t\t\t\t\t<p><strong>Last updated:<\/strong> 01\/11\/2025<\/p>\n<p>Welcome to <strong>alturarealty.org<\/strong> operated by Altura Realty<\/p>\n<p>By accessing or using this site, you agree to these Terms and Conditions in full. Please read them carefully before using the website.<\/p>\n<p><strong>1. Purpose of the website<\/strong><\/p>\n<p>The purpose of alturarealty.org is to present Altura Realty, its mission, and real estate brokerage services (buying, selling, renting). Users can:<\/p>\n<ul>\n<li>Contact Altura Realty for property sales or purchases.<\/li>\n<li>View available listings through the WASI integration.<\/li>\n<li>Submit collaboration requests to work as real estate agents.<\/li>\n<li>Subscribe to the newsletter managed via Mailchimp.<\/li>\n<\/ul>\n<p><b>\u00a0- THE WEBSITE DOES NOT OFFER DIRECT ONLINE PURCHASES -<\/b><\/p>\n<p><strong>2. Website use<\/strong><\/p>\n<p>Users agree to use the site lawfully, avoiding any activity that may harm Altura Realty, third parties, or the site\u2019s functionality.<\/p>\n<p>It is forbidden to:<\/p>\n<ul>\n<li>Submit false or illegal data.<\/li>\n<li>Access restricted or confidential areas.<\/li>\n<li>Use the website for spam or unauthorized advertising.<\/li>\n<\/ul>\n<p><strong>3. Third-party content<\/strong><\/p>\n<p>The website may include integrations with WASI, Google Analytics, Facebook Pixel, and Mailchimp.<\/p>\n<p>Altura Realty is not responsible for the content or data processing of third-party platforms. Please review their respective privacy policies.<\/p>\n<p><strong>4. Liability<\/strong><\/p>\n<p>Altura Realty does not guarantee uninterrupted service but commits to fixing issues promptly.<br \/>We are not liable for damages caused by misuse or external technical failures.<\/p>\n<p><strong>5. Intellectual property<\/strong><\/p>\n<p>All materials on the site \u2014 texts, images, graphics, code, and logos \u2014 belong to Altura Realty or their respective owners. Reproduction or distribution without written consent is prohibited.<\/p>\n<p><strong>6. Changes<\/strong><\/p>\n<p>Altura Realty reserves the right to modify these Terms at any time. Updates take effect upon publication.<\/p>\n<p><strong>7. Contact<\/strong><\/p>\n<p>For any questions or clarifications, please use the Contact page form. <a href=\"https:\/\/alturarealty.org\/en\/contactos\/\">Contact<\/a>.<\/p>\t\t\t\t\t\t\t\t<\/div>\n\t\t\t\t\t<\/div>\n\t\t\t\t<\/div>\n\t\t\t\t<\/div>","protected":false},"excerpt":{"rendered":"<p>T\u00e9rminos Y Condiciones de Uso \u00daltima actualizaci\u00f3n: 01\/11\/2025 Bienvenido a alturarealty.org , operado por Altura Realty. El acceso y uso de este sitio web implica la aceptaci\u00f3n total y sin reservas de los presentes T\u00e9rminos y Condiciones. Te recomendamos leerlos atentamente antes de utilizar el sitio. 1. Finalidad del sitio El sitio alturarealty.org tiene como [&hellip;]<\/p>\n","protected":false},"author":1,"featured_media":0,"parent":0,"menu_order":0,"comment_status":"closed","ping_status":"closed","template":"","meta":{"_monsterinsights_skip_tracking":false,"_monsterinsights_sitenote_active":false,"_monsterinsights_sitenote_note":"","_monsterinsights_sitenote_category":0,"footnotes":""},"class_list":["post-1048","page","type-page","status-publish","hentry"],"aioseo_notices":[],"_links":{"self":[{"href":"https:\/\/alturarealty.org\/en\/wp-json\/wp\/v2\/pages\/1048","targetHints":{"allow":["GET"]}}],"collection":[{"href":"https:\/\/alturarealty.org\/en\/wp-json\/wp\/v2\/pages"}],"about":[{"href":"https:\/\/alturarealty.org\/en\/wp-json\/wp\/v2\/types\/page"}],"author":[{"embeddable":true,"href":"https:\/\/alturarealty.org\/en\/wp-json\/wp\/v2\/users\/1"}],"replies":[{"embeddable":true,"href":"https:\/\/alturarealty.org\/en\/wp-json\/wp\/v2\/comments?post=1048"}],"version-history":[{"count":6,"href":"https:\/\/alturarealty.org\/en\/wp-json\/wp\/v2\/pages\/1048\/revisions"}],"predecessor-version":[{"id":1055,"href":"https:\/\/alturarealty.org\/en\/wp-json\/wp\/v2\/pages\/1048\/revisions\/1055"}],"wp:attachment":[{"href":"https:\/\/alturarealty.org\/en\/wp-json\/wp\/v2\/media?parent=1048"}],"curies":[{"name":"wp","href":"https:\/\/api.w.org\/{rel}","templated":true}]}}