{"id":905,"date":"2025-10-20T12:39:24","date_gmt":"2025-10-20T12:39:24","guid":{"rendered":"https:\/\/alturarealty.org\/?page_id=905"},"modified":"2025-10-21T18:43:49","modified_gmt":"2025-10-21T18:43:49","slug":"quienes-somos","status":"publish","type":"page","link":"https:\/\/alturarealty.org\/en\/quienes-somos\/","title":{"rendered":"About Us"},"content":{"rendered":"<div data-elementor-type=\"wp-page\" data-elementor-id=\"905\" class=\"elementor elementor-905\" data-elementor-post-type=\"page\">\n\t\t\t\t<div class=\"elementor-element elementor-element-4ee494a e-flex e-con-boxed e-con e-parent\" data-id=\"4ee494a\" data-element_type=\"container\" data-e-type=\"container\" data-settings=\"{&quot;background_background&quot;:&quot;classic&quot;}\">\n\t\t\t\t\t<div class=\"e-con-inner\">\n\t\t\t\t<div class=\"elementor-element elementor-element-dfab575 elementor-widget-divider--view-line elementor-widget elementor-widget-divider\" data-id=\"dfab575\" data-element_type=\"widget\" data-e-type=\"widget\" data-widget_type=\"divider.default\">\n\t\t\t\t\t\t\t<div class=\"elementor-divider\">\n\t\t\t<span class=\"elementor-divider-separator\">\n\t\t\t\t\t\t<\/span>\n\t\t<\/div>\n\t\t\t\t\t\t<\/div>\n\t\t\t\t<div class=\"elementor-element elementor-element-58b7170 elementor-widget elementor-widget-heading\" data-id=\"58b7170\" data-element_type=\"widget\" data-e-type=\"widget\" data-widget_type=\"heading.default\">\n\t\t\t\t\t<h1 class=\"elementor-heading-title elementor-size-default\">About Us<\/h1>\t\t\t\t<\/div>\n\t\t\t\t<div class=\"elementor-element elementor-element-644d15c elementor-widget elementor-widget-heading\" data-id=\"644d15c\" data-element_type=\"widget\" data-e-type=\"widget\" data-widget_type=\"heading.default\">\n\t\t\t\t\t<h2 class=\"elementor-heading-title elementor-size-default\">We are a team dedicated to making a difference<\/h2>\t\t\t\t<\/div>\n\t\t\t\t<div class=\"elementor-element elementor-element-2ca14ed elementor-widget elementor-widget-text-editor\" data-id=\"2ca14ed\" data-element_type=\"widget\" data-e-type=\"widget\" data-widget_type=\"text-editor.default\">\n\t\t\t\t\t\t\t\t\t<p>Our mission is ambitious: to unite our passion for real estate with an unconditional love for animals. Our story has personal roots and is deeply intertwined with our commitment to supporting Harley Rescue.<\/p><p>Years ago, I was involved in a major car accident caused by a drunk driver, facing a series of physical and professional challenges. This event marked a pivotal change in my life, pushing me to seek new opportunities and leave my beloved Harley with family. Unfortunately, despite my best intentions, Harley suffered a tragic fate, leading me to create a foundation in his honor. I wanted his loss to mean something and to contribute to saving the lives of other needy animals.<\/p>\t\t\t\t\t\t\t\t<\/div>\n\t\t\t\t\t<\/div>\n\t\t\t\t<\/div>\n\t\t<div class=\"elementor-element elementor-element-420cb1e e-flex e-con-boxed e-con e-parent\" data-id=\"420cb1e\" data-element_type=\"container\" data-e-type=\"container\" data-settings=\"{&quot;background_background&quot;:&quot;classic&quot;}\">\n\t\t\t\t\t<div class=\"e-con-inner\">\n\t\t\t\t<div class=\"elementor-element elementor-element-da30d10 elementor-widget elementor-widget-heading\" data-id=\"da30d10\" data-element_type=\"widget\" data-e-type=\"widget\" data-widget_type=\"heading.default\">\n\t\t\t\t\t<h2 class=\"elementor-heading-title elementor-size-default\">Our Vision<\/h2>\t\t\t\t<\/div>\n\t\t\t\t<div class=\"elementor-element elementor-element-99ff4a2 elementor-widget elementor-widget-text-editor\" data-id=\"99ff4a2\" data-element_type=\"widget\" data-e-type=\"widget\" data-widget_type=\"text-editor.default\">\n\t\t\t\t\t\t\t\t\t<p>From this journey, a unique real estate project was born. Collaborating with my friend and realtor, Andres, we decided to establish a platform that gives a voice to small real estate agents. We aim to create a network where the \"little guys\" can come together to compete against larger companies, sharing resources and support. For us, it\u2019s not about working \"for\" someone, but about \"working together\" to create a fairer and more supportive environment.<\/p><p>Through our real estate business, we aim not only to help you find your dream home but also to generate profit to support Harley Rescue. Each transaction and every success contributes to this common goal.<\/p><p>Additionally, we also aspire to create a relocation tour company in Colombia, dedicated to those wishing to explore the beautiful coffee region. We want to make this journey a fun and engaging experience, alleviating the stress of a potential move while allowing everyone to discover Colombia\u2019s beauty.<\/p>\t\t\t\t\t\t\t\t<\/div>\n\t\t\t\t\t<\/div>\n\t\t\t\t<\/div>\n\t\t<div class=\"elementor-element elementor-element-dcca9da e-flex e-con-boxed e-con e-parent\" data-id=\"dcca9da\" data-element_type=\"container\" data-e-type=\"container\" data-settings=\"{&quot;background_background&quot;:&quot;classic&quot;}\">\n\t\t\t\t\t<div class=\"e-con-inner\">\n\t\t\t\t<div class=\"elementor-element elementor-element-d1361f1 elementor-widget elementor-widget-heading\" data-id=\"d1361f1\" data-element_type=\"widget\" data-e-type=\"widget\" data-widget_type=\"heading.default\">\n\t\t\t\t\t<h2 class=\"elementor-heading-title elementor-size-default\">Join us in making a difference<\/h2>\t\t\t\t<\/div>\n\t\t\t\t<div class=\"elementor-element elementor-element-2170e64 elementor-widget elementor-widget-text-editor\" data-id=\"2170e64\" data-element_type=\"widget\" data-e-type=\"widget\" data-widget_type=\"text-editor.default\">\n\t\t\t\t\t\t\t\t\t<p>We are excited to work with you and assist you on your real estate journey. We believe every home has a story to tell and that together we can write meaningful chapters, not only for ourselves but also for the animals in need of a second chance.<\/p>\t\t\t\t\t\t\t\t<\/div>\n\t\t\t\t<div class=\"elementor-element elementor-element-8b8059c elementor-widget elementor-widget-button\" data-id=\"8b8059c\" data-element_type=\"widget\" data-e-type=\"widget\" data-widget_type=\"button.default\">\n\t\t\t\t\t\t\t\t\t\t<a class=\"elementor-button elementor-button-link elementor-size-sm\" href=\"https:\/\/alturarealty.org\/en\/contactos\/\">\n\t\t\t\t\t\t<span class=\"elementor-button-content-wrapper\">\n\t\t\t\t\t\t<span class=\"elementor-button-icon\">\n\t\t\t\t<svg aria-hidden=\"true\" class=\"e-font-icon-svg e-fas-arrow-alt-circle-right\" viewbox=\"0 0 512 512\" xmlns=\"http:\/\/www.w3.org\/2000\/svg\"><path d=\"M256 8c137 0 248 111 248 248S393 504 256 504 8 393 8 256 119 8 256 8zM140 300h116v70.9c0 10.7 13 16.1 20.5 8.5l114.3-114.9c4.7-4.7 4.7-12.2 0-16.9l-114.3-115c-7.6-7.6-20.5-2.2-20.5 8.5V212H140c-6.6 0-12 5.4-12 12v64c0 6.6 5.4 12 12 12z\"><\/path><\/svg>\t\t\t<\/span>\n\t\t\t\t\t\t\t\t\t<span class=\"elementor-button-text\">Start Now<\/span>\n\t\t\t\t\t<\/span>\n\t\t\t\t\t<\/a>\n\t\t\t\t\t\t\t\t<\/div>\n\t\t\t\t\t<\/div>\n\t\t\t\t<\/div>\n\t\t\t\t<\/div>","protected":false},"excerpt":{"rendered":"<p>Qui\u00e9nes Somos Somos un equipo dedicado a hacer la diferencia Nuestra misi\u00f3n es ambiciosa: unir la pasi\u00f3n por el sector inmobiliario con un amor incondicional por los animales. Nuestra historia tiene ra\u00edces personales y se entrelaza profundamente con el compromiso de apoyar a Harley Rescue. Despu\u00e9s de un grave accidente automovil\u00edstico causado por un conductor [&hellip;]<\/p>\n","protected":false},"author":1,"featured_media":0,"parent":0,"menu_order":0,"comment_status":"closed","ping_status":"closed","template":"","meta":{"_monsterinsights_skip_tracking":false,"_monsterinsights_sitenote_active":false,"_monsterinsights_sitenote_note":"","_monsterinsights_sitenote_category":0,"footnotes":""},"class_list":["post-905","page","type-page","status-publish","hentry"],"aioseo_notices":[],"_links":{"self":[{"href":"https:\/\/alturarealty.org\/en\/wp-json\/wp\/v2\/pages\/905","targetHints":{"allow":["GET"]}}],"collection":[{"href":"https:\/\/alturarealty.org\/en\/wp-json\/wp\/v2\/pages"}],"about":[{"href":"https:\/\/alturarealty.org\/en\/wp-json\/wp\/v2\/types\/page"}],"author":[{"embeddable":true,"href":"https:\/\/alturarealty.org\/en\/wp-json\/wp\/v2\/users\/1"}],"replies":[{"embeddable":true,"href":"https:\/\/alturarealty.org\/en\/wp-json\/wp\/v2\/comments?post=905"}],"version-history":[{"count":27,"href":"https:\/\/alturarealty.org\/en\/wp-json\/wp\/v2\/pages\/905\/revisions"}],"predecessor-version":[{"id":1152,"href":"https:\/\/alturarealty.org\/en\/wp-json\/wp\/v2\/pages\/905\/revisions\/1152"}],"wp:attachment":[{"href":"https:\/\/alturarealty.org\/en\/wp-json\/wp\/v2\/media?parent=905"}],"curies":[{"name":"wp","href":"https:\/\/api.w.org\/{rel}","templated":true}]}}